{"id":43,"date":"2017-10-14T20:35:43","date_gmt":"2017-10-14T18:35:43","guid":{"rendered":"http:\/\/www.psy-metropole.delille.fr\/prod\/?page_id=43"},"modified":"2018-03-04T17:48:11","modified_gmt":"2018-03-04T16:48:11","slug":"nos-interventions","status":"publish","type":"page","link":"https:\/\/www.psy-metropole.delille.fr\/index.php\/nos-interventions\/","title":{"rendered":"Nos interventions"},"content":{"rendered":"<p style=\"padding-left: 30px;\"><strong>Les Th\u00e9rapies \u00c9motionnelles Cognitives et Comportementales<\/strong><\/p>\n<p style=\"text-align: justify;\">Elles font partie des th\u00e9rapies br\u00e8ves et utilisent des techniques test\u00e9es et valid\u00e9es scientifiquement. Elles sont notamment efficaces dans la prise en charge des troubles de l\u2019humeur, des troubles anxieux, de la schizophr\u00e9nie ainsi que des troubles envahissants du d\u00e9veloppement. Le th\u00e9rapeute s\u2019implique et est dynamique en entretien afin d\u2019acc\u00e9der \u00e0 un travail collaboratif avec le patient (dialogue, guidance\u2026). Il veille \u00e0 ce que le patient soit autonome \u00e0 la fin de la prise en charge et \u00e0 ce que les changements soient les plus durables possibles.<\/p>\n<p style=\"padding-left: 30px;\"><strong>La Psychoth\u00e9rapie<\/strong><\/p>\n<p style=\"text-align: justify;\">Il est important pour nous d\u2019\u00eatre dans un rapport collaboratif avec le patient. La psychoth\u00e9rapie se d\u00e9roule en plusieurs \u00e9tapes flexibles selon les besoins de la personne.<\/p>\n<p style=\"text-align: justify;\">Nous proposons aussi des prises en charge de couple. Elles commenceront toujours par un premier rdv qui permettra de faire connaissance et d\u2019\u00e9tablir les attentes des deux partenaires et les objectifs th\u00e9rapeutiques vis\u00e9s. C\u2019est pour cela que nous rencontrerons les deux partenaires ensemble, mais que nous pourrons aussi prendre le temps d\u2019\u00e9changer avec les deux partenaires s\u00e9par\u00e9ment.<\/p>\n<p style=\"padding-left: 30px;\"><strong>Les groupes th\u00e9rapeutiques<br \/>\n<\/strong><\/p>\n<p style=\"text-align: justify;\">Nous proposons aussi des groupes th\u00e9rapeutiques qui peuvent avoir des objectifs multiples :<\/p>\n<ul style=\"text-align: justify;\">\n<li>Vous apporter de l\u2019information ;<\/li>\n<li>Renforcer le travail r\u00e9alis\u00e9 en s\u00e9ance individuelle ;<\/li>\n<li>Echanger, partager et travailler avec des personnes concern\u00e9es par le m\u00eame type de probl\u00e9matique.<\/li>\n<\/ul>\n<p style=\"text-align: justify;\">Les groupes peuvent prendre diff\u00e9rentes formes : il peut s\u2019agir de groupes ponctuels d\u2019information (psycho\u00e9ducation), de groupes r\u00e9guliers comme l\u2019atelier th\u00e9rapeutique d\u2019improvisation th\u00e9\u00e2trale ou la relaxation, ou encore de stages fix\u00e9s sur des cr\u00e9neaux pr\u00e9cis pendant plusieurs semaines ou sur des journ\u00e9es enti\u00e8res (affirmation de soi, gestion du stress et de l\u2019anxi\u00e9t\u00e9).<\/p>\n<p style=\"text-align: justify;\">Le nombre de places est limit\u00e9. Les inscriptions se font par t\u00e9l\u00e9phone ou par mail (cf informations pratiques). Les groupes sont ouverts \u00e9galement aux personnes qui ne sont pas suivies par un psychologue ou un psychiatre (sous r\u00e9serve qu\u2019il y ait une indication av\u00e9r\u00e9e), et \u00e9galement aux personnes qui sont suivies par un autre praticien que l\u2019une de nous.<\/p>\n<p style=\"text-align: justify;\">Nous mettons \u00e0 votre disposition des descriptifs plus d\u00e9taill\u00e9s des groupes que nous proposons.<\/p>\n<ul>\n<li style=\"text-align: justify;\"><a href=\"http:\/\/www.psy-metropole.delille.fr\/prod\/wp-content\/uploads\/2018\/03\/Fiche-descriptive-Groupes-dInformation.pdf\" target=\"_blank\">Groupes d\u2019information (affirmation de soi, d\u00e9pression, stress et anxi\u00e9t\u00e9, acceptation et engagement)<\/a><\/li>\n<li style=\"text-align: justify;\"><a href=\"http:\/\/www.psy-metropole.delille.fr\/prod\/wp-content\/uploads\/2018\/03\/Fiche-descriptive-Improvisation-th\u00e9\u00e2trale.pdf\" target=\"_blank\">Atelier th\u00e9rapeutique d\u2019improvisation th\u00e9\u00e2trale<\/a><\/li>\n<li style=\"text-align: justify;\"><a href=\"http:\/\/www.psy-metropole.delille.fr\/prod\/wp-content\/uploads\/2018\/03\/Fiche-descriptive-GSA.pdf\" target=\"_blank\">Gestion du Stress et de l\u2019Anxi\u00e9t\u00e9<\/a><\/li>\n<li style=\"text-align: justify;\"><a href=\"http:\/\/www.psy-metropole.delille.fr\/prod\/wp-content\/uploads\/2018\/03\/Fiche-descriptive-Affirmation-de-Soi.pdf\" target=\"_blank\">Affirmation de Soi<\/a><\/li>\n<li style=\"text-align: justify;\">Relaxation<\/li>\n<\/ul>\n","protected":false},"excerpt":{"rendered":"<p>Les Th\u00e9rapies \u00c9motionnelles Cognitives et Comportementales Elles font partie des th\u00e9rapies br\u00e8ves et utilisent des techniques test\u00e9es et valid\u00e9es scientifiquement. Elles sont notamment efficaces dans la prise en charge des troubles de l\u2019humeur, des troubles anxieux, de la schizophr\u00e9nie ainsi &hellip; <a href=\"https:\/\/www.psy-metropole.delille.fr\/index.php\/nos-interventions\/\">Continuer la lecture <span class=\"meta-nav\">&rarr;<\/span><\/a><\/p>\n","protected":false},"author":1,"featured_media":0,"parent":0,"menu_order":0,"comment_status":"closed","ping_status":"closed","template":"","meta":[],"_links":{"self":[{"href":"https:\/\/www.psy-metropole.delille.fr\/index.php\/wp-json\/wp\/v2\/pages\/43"}],"collection":[{"href":"https:\/\/www.psy-metropole.delille.fr\/index.php\/wp-json\/wp\/v2\/pages"}],"about":[{"href":"https:\/\/www.psy-metropole.delille.fr\/index.php\/wp-json\/wp\/v2\/types\/page"}],"author":[{"embeddable":true,"href":"https:\/\/www.psy-metropole.delille.fr\/index.php\/wp-json\/wp\/v2\/users\/1"}],"replies":[{"embeddable":true,"href":"https:\/\/www.psy-metropole.delille.fr\/index.php\/wp-json\/wp\/v2\/comments?post=43"}],"version-history":[{"count":8,"href":"https:\/\/www.psy-metropole.delille.fr\/index.php\/wp-json\/wp\/v2\/pages\/43\/revisions"}],"predecessor-version":[{"id":182,"href":"https:\/\/www.psy-metropole.delille.fr\/index.php\/wp-json\/wp\/v2\/pages\/43\/revisions\/182"}],"wp:attachment":[{"href":"https:\/\/www.psy-metropole.delille.fr\/index.php\/wp-json\/wp\/v2\/media?parent=43"}],"curies":[{"name":"wp","href":"https:\/\/api.w.org\/{rel}","templated":true}]}}