{"id":37,"date":"2017-10-14T20:28:30","date_gmt":"2017-10-14T18:28:30","guid":{"rendered":"http:\/\/www.psy-metropole.delille.fr\/prod\/?page_id=37"},"modified":"2018-01-20T18:33:23","modified_gmt":"2018-01-20T17:33:23","slug":"le-psychologue","status":"publish","type":"page","link":"https:\/\/www.psy-metropole.delille.fr\/index.php\/le-psychologue\/","title":{"rendered":"Le psychologue"},"content":{"rendered":"\t\t<div data-elementor-type=\"wp-page\" data-elementor-id=\"37\" class=\"elementor elementor-37 elementor-bc-flex-widget\">\n\t\t\t\t\t\t<div class=\"elementor-inner\">\n\t\t\t\t<div class=\"elementor-section-wrap\">\n\t\t\t\t\t\t\t\t\t<section class=\"elementor-section elementor-top-section elementor-element elementor-element-4bcf74d4 elementor-section-boxed elementor-section-height-default elementor-section-height-default\" data-id=\"4bcf74d4\" data-element_type=\"section\">\n\t\t\t\t\t\t<div class=\"elementor-container elementor-column-gap-default\">\n\t\t\t\t\t\t\t<div class=\"elementor-row\">\n\t\t\t\t\t<div class=\"elementor-column elementor-col-100 elementor-top-column elementor-element elementor-element-5d31c8e6\" data-id=\"5d31c8e6\" data-element_type=\"column\">\n\t\t\t<div class=\"elementor-column-wrap elementor-element-populated\">\n\t\t\t\t\t\t\t<div class=\"elementor-widget-wrap\">\n\t\t\t\t\t\t<div class=\"elementor-element elementor-element-319ed2fb elementor-widget elementor-widget-text-editor\" data-id=\"319ed2fb\" data-element_type=\"widget\" data-widget_type=\"text-editor.default\">\n\t\t\t\t<div class=\"elementor-widget-container\">\n\t\t\t\t\t\t\t\t<div class=\"elementor-text-editor elementor-clearfix\">\n\t\t\t\t<p style=\"text-align: justify;\"><span style=\"color: #000000;\">Le psychologue a obtenu un Master de Psychologie, apr\u00e8s 5 ans d\u2019\u00e9tudes en Sciences Humaines et Sociales. Il a une formation \u00e0 la fois th\u00e9orique et pratique (stages).<\/span><\/p><p style=\"text-align: justify;\"><span style=\"color: #000000;\">A la diff\u00e9rence du psychiatre, le psychologue n\u2019est pas un m\u00e9decin. Il ne pose donc pas de diagnostic et ne d\u00e9livre pas de m\u00e9dicaments.<\/span><\/p><p style=\"text-align: justify;\"><span style=\"color: #000000;\">Le titre de psychologue est prot\u00e9g\u00e9 et r\u00e9glement\u00e9 par la Loi 85-772 du 25 juillet 1985.<\/span><\/p><p style=\"text-align: justify;\"><span style=\"color: #000000;\">Un code de d\u00e9ontologie, adopt\u00e9 le 25 mars 1996, regroupe les r\u00e8gles devant \u00eatre respect\u00e9es par les psychologues en fonction, et r\u00e9gi ainsi l\u2019exercice de la profession de psychologue. Il est consultable sur le site du Syndicat National des Psychologues : <a style=\"color: #000000;\" href=\"http:\/\/www.psychologues.org\">http:\/\/www.psychologues.org<\/a>.<\/span><\/p>\t\t\t\t\t<\/div>\n\t\t\t\t\t\t<\/div>\n\t\t\t\t<\/div>\n\t\t\t\t\t\t<\/div>\n\t\t\t\t\t<\/div>\n\t\t<\/div>\n\t\t\t\t\t\t\t\t<\/div>\n\t\t\t\t\t<\/div>\n\t\t<\/section>\n\t\t\t\t\t\t\t\t\t<\/div>\n\t\t\t<\/div>\n\t\t\t\t\t<\/div>\n\t\t","protected":false},"excerpt":{"rendered":"<p>Le psychologue a obtenu un Master de Psychologie, apr\u00e8s 5 ans d\u2019\u00e9tudes en Sciences Humaines et Sociales. Il a une formation \u00e0 la fois th\u00e9orique et pratique (stages). A la diff\u00e9rence du psychiatre, le psychologue n\u2019est pas un m\u00e9decin. Il &hellip; <a href=\"https:\/\/www.psy-metropole.delille.fr\/index.php\/le-psychologue\/\">Continuer la lecture <span class=\"meta-nav\">&rarr;<\/span><\/a><\/p>\n","protected":false},"author":1,"featured_media":0,"parent":0,"menu_order":0,"comment_status":"closed","ping_status":"closed","template":"","meta":[],"_links":{"self":[{"href":"https:\/\/www.psy-metropole.delille.fr\/index.php\/wp-json\/wp\/v2\/pages\/37"}],"collection":[{"href":"https:\/\/www.psy-metropole.delille.fr\/index.php\/wp-json\/wp\/v2\/pages"}],"about":[{"href":"https:\/\/www.psy-metropole.delille.fr\/index.php\/wp-json\/wp\/v2\/types\/page"}],"author":[{"embeddable":true,"href":"https:\/\/www.psy-metropole.delille.fr\/index.php\/wp-json\/wp\/v2\/users\/1"}],"replies":[{"embeddable":true,"href":"https:\/\/www.psy-metropole.delille.fr\/index.php\/wp-json\/wp\/v2\/comments?post=37"}],"version-history":[{"count":7,"href":"https:\/\/www.psy-metropole.delille.fr\/index.php\/wp-json\/wp\/v2\/pages\/37\/revisions"}],"predecessor-version":[{"id":126,"href":"https:\/\/www.psy-metropole.delille.fr\/index.php\/wp-json\/wp\/v2\/pages\/37\/revisions\/126"}],"wp:attachment":[{"href":"https:\/\/www.psy-metropole.delille.fr\/index.php\/wp-json\/wp\/v2\/media?parent=37"}],"curies":[{"name":"wp","href":"https:\/\/api.w.org\/{rel}","templated":true}]}}