{"id":154,"date":"2018-01-20T19:12:13","date_gmt":"2018-01-20T18:12:13","guid":{"rendered":"http:\/\/www.psy-metropole.delille.fr\/prod\/?page_id=154"},"modified":"2021-01-17T17:29:46","modified_gmt":"2021-01-17T16:29:46","slug":"public-et-secteurs","status":"publish","type":"page","link":"https:\/\/www.psy-metropole.delille.fr\/index.php\/public-et-secteurs\/","title":{"rendered":"Public et secteurs"},"content":{"rendered":"\t\t<div data-elementor-type=\"wp-page\" data-elementor-id=\"154\" class=\"elementor elementor-154\">\n\t\t\t\t\t\t<div class=\"elementor-inner\">\n\t\t\t\t<div class=\"elementor-section-wrap\">\n\t\t\t\t\t\t\t\t\t<section class=\"elementor-section elementor-top-section elementor-element elementor-element-85d86eb elementor-section-boxed elementor-section-height-default elementor-section-height-default\" data-id=\"85d86eb\" data-element_type=\"section\">\n\t\t\t\t\t\t<div class=\"elementor-container elementor-column-gap-default\">\n\t\t\t\t\t\t\t<div class=\"elementor-row\">\n\t\t\t\t\t<div class=\"elementor-column elementor-col-100 elementor-top-column elementor-element elementor-element-8819892\" data-id=\"8819892\" data-element_type=\"column\">\n\t\t\t<div class=\"elementor-column-wrap elementor-element-populated\">\n\t\t\t\t\t\t\t<div class=\"elementor-widget-wrap\">\n\t\t\t\t\t\t<div class=\"elementor-element elementor-element-69e859c elementor-widget elementor-widget-text-editor\" data-id=\"69e859c\" data-element_type=\"widget\" data-widget_type=\"text-editor.default\">\n\t\t\t\t<div class=\"elementor-widget-container\">\n\t\t\t\t\t\t\t\t<div class=\"elementor-text-editor elementor-clearfix\">\n\t\t\t\t<p><span style=\"color: #32a3bf;\"><strong>Public\u00a0<\/strong><\/span><\/p><p><span style=\"color: #000000;\">Enfants, adolescents et adultes, en th\u00e9rapie individuelle ou de couple.<\/span><\/p>\t\t\t\t\t<\/div>\n\t\t\t\t\t\t<\/div>\n\t\t\t\t<\/div>\n\t\t\t\t\t\t<\/div>\n\t\t\t\t\t<\/div>\n\t\t<\/div>\n\t\t\t\t\t\t\t\t<\/div>\n\t\t\t\t\t<\/div>\n\t\t<\/section>\n\t\t\t\t<section class=\"elementor-section elementor-top-section elementor-element elementor-element-aa906f4 elementor-section-boxed elementor-section-height-default elementor-section-height-default\" data-id=\"aa906f4\" data-element_type=\"section\">\n\t\t\t\t\t\t<div class=\"elementor-container elementor-column-gap-default\">\n\t\t\t\t\t\t\t<div class=\"elementor-row\">\n\t\t\t\t\t<div class=\"elementor-column elementor-col-100 elementor-top-column elementor-element elementor-element-c19c6bf\" data-id=\"c19c6bf\" data-element_type=\"column\">\n\t\t\t<div class=\"elementor-column-wrap elementor-element-populated\">\n\t\t\t\t\t\t\t<div class=\"elementor-widget-wrap\">\n\t\t\t\t\t\t<div class=\"elementor-element elementor-element-d27b2dd elementor-widget elementor-widget-text-editor\" data-id=\"d27b2dd\" data-element_type=\"widget\" data-widget_type=\"text-editor.default\">\n\t\t\t\t<div class=\"elementor-widget-container\">\n\t\t\t\t\t\t\t\t<div class=\"elementor-text-editor elementor-clearfix\">\n\t\t\t\t<p style=\"text-align: justify;\"><span style=\"color: #32a3bf;\"><strong>Secteurs<\/strong><\/span><\/p><p style=\"text-align: justify;\"><span style=\"color: #000000;\">Nous intervenons \u00e0 domicile dans 3 secteurs privil\u00e9gi\u00e9s, \u00e0 savoir :<\/span><\/p><ul style=\"text-align: justify;\"><li><span style=\"color: #000000;\">Fanny BAUDRY : Dans le secteur de la De\u00fble : Bondues, Bousbecque, Comines, De\u00fblemont, Halluin, Linselles, Marquette-lez-Lille, Quesnoy-sur-De\u00fble, Roncq, Wambrechies, Warneton, Wervicq-Sud.<\/span><\/li><\/ul><ul><li style=\"text-align: justify;\"><span style=\"color: #000000;\"><span style=\"color: #000000;\">Caroline DELILLE : Lille et ses alentours proches, notamment : Croix, La Madeleine, Lambersart, Lomme, Marcq-en-Baroeul, Mons-en-Baroeul, Saint-Andr\u00e9, Villeneuve d\u2019Ascq, Wasquehal.<\/span><\/span><p>\u00a0<\/p><\/li><li style=\"text-align: justify;\"><span style=\"color: #000000;\">Elodie DESMETTRE : Dans le secteur des Weppes\u00a0: Allennes-les-Marais, Annoeullin, Aubers, Beaucamps-Ligny, Don, Englos, Enneti\u00e8res-en-Weppes, Erquinghem-le-Sec, Escobecques, Fournes-en-Weppes, Fromelles, Gondecourt, Haubourdin, Hantay, Herlies, Houplin-Ancoisne, Illies, La Bass\u00e9e, Marquillies, Le Maisnil, Radinghem-en-Weppes, Sainghin-en-Weppes, Salom\u00e9, Santes, Sequedin, Wavrin, Wicres.<\/span><\/li><\/ul>\t\t\t\t\t<\/div>\n\t\t\t\t\t\t<\/div>\n\t\t\t\t<\/div>\n\t\t\t\t\t\t<\/div>\n\t\t\t\t\t<\/div>\n\t\t<\/div>\n\t\t\t\t\t\t\t\t<\/div>\n\t\t\t\t\t<\/div>\n\t\t<\/section>\n\t\t\t\t<section class=\"elementor-section elementor-top-section elementor-element elementor-element-9e4399a elementor-section-boxed elementor-section-height-default elementor-section-height-default\" data-id=\"9e4399a\" data-element_type=\"section\">\n\t\t\t\t\t\t<div class=\"elementor-container elementor-column-gap-default\">\n\t\t\t\t\t\t\t<div class=\"elementor-row\">\n\t\t\t\t\t<div class=\"elementor-column elementor-col-100 elementor-top-column elementor-element elementor-element-0a28f0d\" data-id=\"0a28f0d\" data-element_type=\"column\">\n\t\t\t<div class=\"elementor-column-wrap elementor-element-populated\">\n\t\t\t\t\t\t\t<div class=\"elementor-widget-wrap\">\n\t\t\t\t\t\t<div class=\"elementor-element elementor-element-e468c68 elementor-widget elementor-widget-image\" data-id=\"e468c68\" data-element_type=\"widget\" data-widget_type=\"image.default\">\n\t\t\t\t<div class=\"elementor-widget-container\">\n\t\t\t\t\t\t\t\t<div class=\"elementor-image\">\n\t\t\t\t\t\t\t\t\t\t\t\t<img decoding=\"async\" width=\"584\" height=\"557\" src=\"https:\/\/www.psy-metropole.delille.fr\/wp-content\/uploads\/2018\/01\/carte-secteur-lib\u00e9ral.png\" class=\"attachment-large size-large\" alt=\"\" loading=\"lazy\" srcset=\"https:\/\/www.psy-metropole.delille.fr\/wp-content\/uploads\/2018\/01\/carte-secteur-lib\u00e9ral.png 653w, https:\/\/www.psy-metropole.delille.fr\/wp-content\/uploads\/2018\/01\/carte-secteur-lib\u00e9ral-300x286.png 300w, https:\/\/www.psy-metropole.delille.fr\/wp-content\/uploads\/2018\/01\/carte-secteur-lib\u00e9ral-314x300.png 314w\" sizes=\"(max-width: 584px) 100vw, 584px\" \/>\t\t\t\t\t\t\t\t\t\t\t\t\t\t<\/div>\n\t\t\t\t\t\t<\/div>\n\t\t\t\t<\/div>\n\t\t\t\t\t\t<\/div>\n\t\t\t\t\t<\/div>\n\t\t<\/div>\n\t\t\t\t\t\t\t\t<\/div>\n\t\t\t\t\t<\/div>\n\t\t<\/section>\n\t\t\t\t\t\t\t\t\t<\/div>\n\t\t\t<\/div>\n\t\t\t\t\t<\/div>\n\t\t","protected":false},"excerpt":{"rendered":"<p>Public\u00a0 Enfants, adolescents et adultes, en th\u00e9rapie individuelle ou de couple. Secteurs Nous intervenons \u00e0 domicile dans 3 secteurs privil\u00e9gi\u00e9s, \u00e0 savoir : Fanny BAUDRY : Dans le secteur de la De\u00fble : Bondues, Bousbecque, Comines, De\u00fblemont, Halluin, Linselles, Marquette-lez-Lille, &hellip; <a href=\"https:\/\/www.psy-metropole.delille.fr\/index.php\/public-et-secteurs\/\">Continuer la lecture <span class=\"meta-nav\">&rarr;<\/span><\/a><\/p>\n","protected":false},"author":1,"featured_media":0,"parent":0,"menu_order":0,"comment_status":"closed","ping_status":"closed","template":"","meta":[],"_links":{"self":[{"href":"https:\/\/www.psy-metropole.delille.fr\/index.php\/wp-json\/wp\/v2\/pages\/154"}],"collection":[{"href":"https:\/\/www.psy-metropole.delille.fr\/index.php\/wp-json\/wp\/v2\/pages"}],"about":[{"href":"https:\/\/www.psy-metropole.delille.fr\/index.php\/wp-json\/wp\/v2\/types\/page"}],"author":[{"embeddable":true,"href":"https:\/\/www.psy-metropole.delille.fr\/index.php\/wp-json\/wp\/v2\/users\/1"}],"replies":[{"embeddable":true,"href":"https:\/\/www.psy-metropole.delille.fr\/index.php\/wp-json\/wp\/v2\/comments?post=154"}],"version-history":[{"count":7,"href":"https:\/\/www.psy-metropole.delille.fr\/index.php\/wp-json\/wp\/v2\/pages\/154\/revisions"}],"predecessor-version":[{"id":215,"href":"https:\/\/www.psy-metropole.delille.fr\/index.php\/wp-json\/wp\/v2\/pages\/154\/revisions\/215"}],"wp:attachment":[{"href":"https:\/\/www.psy-metropole.delille.fr\/index.php\/wp-json\/wp\/v2\/media?parent=154"}],"curies":[{"name":"wp","href":"https:\/\/api.w.org\/{rel}","templated":true}]}}