{"id":136,"date":"2018-01-20T18:42:42","date_gmt":"2018-01-20T17:42:42","guid":{"rendered":"http:\/\/www.psy-metropole.delille.fr\/prod\/?page_id=136"},"modified":"2021-01-17T17:27:05","modified_gmt":"2021-01-17T16:27:05","slug":"caroline-delille","status":"publish","type":"page","link":"https:\/\/www.psy-metropole.delille.fr\/index.php\/caroline-delille\/","title":{"rendered":"Caroline DELILLE"},"content":{"rendered":"\t\t<div data-elementor-type=\"wp-page\" data-elementor-id=\"136\" class=\"elementor elementor-136\">\n\t\t\t\t\t\t<div class=\"elementor-inner\">\n\t\t\t\t<div class=\"elementor-section-wrap\">\n\t\t\t\t\t\t\t\t\t<section class=\"elementor-section elementor-top-section elementor-element elementor-element-b2eb21d elementor-section-boxed elementor-section-height-default elementor-section-height-default\" data-id=\"b2eb21d\" data-element_type=\"section\">\n\t\t\t\t\t\t<div class=\"elementor-container elementor-column-gap-default\">\n\t\t\t\t\t\t\t<div class=\"elementor-row\">\n\t\t\t\t\t<div class=\"elementor-column elementor-col-33 elementor-top-column elementor-element elementor-element-1a40845\" data-id=\"1a40845\" data-element_type=\"column\">\n\t\t\t<div class=\"elementor-column-wrap elementor-element-populated\">\n\t\t\t\t\t\t\t<div class=\"elementor-widget-wrap\">\n\t\t\t\t\t\t<div class=\"elementor-element elementor-element-ed10620 elementor-widget elementor-widget-image\" data-id=\"ed10620\" data-element_type=\"widget\" data-widget_type=\"image.default\">\n\t\t\t\t<div class=\"elementor-widget-container\">\n\t\t\t\t\t\t\t\t<div class=\"elementor-image\">\n\t\t\t\t\t\t\t\t\t\t\t\t<img decoding=\"async\" width=\"584\" height=\"779\" src=\"https:\/\/www.psy-metropole.delille.fr\/wp-content\/uploads\/2018\/03\/Photo-Caroline-768x1024.jpg\" class=\"attachment-large size-large\" alt=\"\" loading=\"lazy\" srcset=\"https:\/\/www.psy-metropole.delille.fr\/wp-content\/uploads\/2018\/03\/Photo-Caroline-768x1024.jpg 768w, https:\/\/www.psy-metropole.delille.fr\/wp-content\/uploads\/2018\/03\/Photo-Caroline-225x300.jpg 225w, https:\/\/www.psy-metropole.delille.fr\/wp-content\/uploads\/2018\/03\/Photo-Caroline.jpg 960w\" sizes=\"(max-width: 584px) 100vw, 584px\" \/>\t\t\t\t\t\t\t\t\t\t\t\t\t\t<\/div>\n\t\t\t\t\t\t<\/div>\n\t\t\t\t<\/div>\n\t\t\t\t\t\t<\/div>\n\t\t\t\t\t<\/div>\n\t\t<\/div>\n\t\t\t\t<div class=\"elementor-column elementor-col-66 elementor-top-column elementor-element elementor-element-fcdc32e\" data-id=\"fcdc32e\" data-element_type=\"column\">\n\t\t\t<div class=\"elementor-column-wrap elementor-element-populated\">\n\t\t\t\t\t\t\t<div class=\"elementor-widget-wrap\">\n\t\t\t\t\t\t<div class=\"elementor-element elementor-element-83c6e49 elementor-widget elementor-widget-text-editor\" data-id=\"83c6e49\" data-element_type=\"widget\" data-widget_type=\"text-editor.default\">\n\t\t\t\t<div class=\"elementor-widget-container\">\n\t\t\t\t\t\t\t\t<div class=\"elementor-text-editor elementor-clearfix\">\n\t\t\t\t<p style=\"text-align: justify;\"><span style=\"color: #000000;\">Je suis Psychologue Clinicienne depuis 2012 et j\u2019exerce depuis \u00e0 la Clinique du Parc Monceau de Lille.<\/span><\/p><p style=\"text-align: justify;\"><span style=\"color: #000000;\">Depuis 2016, je me suis lanc\u00e9e dans l\u2019animation d\u2019un groupe th\u00e9rapeutique d\u2019improvisation th\u00e9\u00e2trale et dans le suivi individuel \u00e0 domicile, et ce, en parall\u00e8le de mon activit\u00e9 \u00e0 la Clinique. J\u2019interviens \u00e9galement \u00e0 l\u2019Universit\u00e9 de Lille 3 en tant qu\u2019enseignante vacataire, ainsi qu\u2019\u00e0 l\u2019Institut de Formation en Soins Infirmiers (IFSI) Ambroise Par\u00e9 de Mons-en-Baroeul pour les auditions de concours d\u2019entr\u00e9e \u00e0 l\u2019\u00e9cole.<\/span><\/p><p style=\"text-align: justify;\"><span style=\"color: #000000;\">Mon activit\u00e9 en Psychiatrie G\u00e9n\u00e9rale m\u2019a permis d\u2019appr\u00e9hender diff\u00e9rents domaines de travail. Je peux donc proposer un accompagnement dans le cadre d\u2019une d\u00e9pression, d\u2019une probl\u00e9matique anxieuse, de l\u2019addiction, d\u2019une probl\u00e9matique professionnelle, relationnelle ou familiale.<\/span><\/p><p style=\"text-align: justify;\"><span style=\"color: #000000;\">Je propose des consultations en cabinet \u00e0 Douai. Vous pouvez prendre rendez vous sur Doctolib : <a href=\"https:\/\/www.doctolib.fr\/psychologue\/douai\/caroline-delille\">https:\/\/www.doctolib.fr\/psychologue\/douai\/caroline-delille<\/a><br \/><\/span><\/p>\t\t\t\t\t<\/div>\n\t\t\t\t\t\t<\/div>\n\t\t\t\t<\/div>\n\t\t\t\t\t\t<\/div>\n\t\t\t\t\t<\/div>\n\t\t<\/div>\n\t\t\t\t\t\t\t\t<\/div>\n\t\t\t\t\t<\/div>\n\t\t<\/section>\n\t\t\t\t<section class=\"elementor-section elementor-top-section elementor-element elementor-element-aa445a6 elementor-section-boxed elementor-section-height-default elementor-section-height-default\" data-id=\"aa445a6\" data-element_type=\"section\">\n\t\t\t\t\t\t<div class=\"elementor-container elementor-column-gap-default\">\n\t\t\t\t\t\t\t<div class=\"elementor-row\">\n\t\t\t\t\t<div class=\"elementor-column elementor-col-100 elementor-top-column elementor-element elementor-element-d0297ce\" data-id=\"d0297ce\" data-element_type=\"column\">\n\t\t\t<div class=\"elementor-column-wrap elementor-element-populated\">\n\t\t\t\t\t\t\t<div class=\"elementor-widget-wrap\">\n\t\t\t\t\t\t<div class=\"elementor-element elementor-element-4e01d61 elementor-widget elementor-widget-text-editor\" data-id=\"4e01d61\" data-element_type=\"widget\" data-widget_type=\"text-editor.default\">\n\t\t\t\t<div class=\"elementor-widget-container\">\n\t\t\t\t\t\t\t\t<div class=\"elementor-text-editor elementor-clearfix\">\n\t\t\t\t<p style=\"text-align: center;\">T\u00e9l : 06 14 19 33 72<br \/>Mail : caroline@delille.fr<br \/> n\u00b0 ADELI : 59 93 1961 3<br \/> n\u00b0 SIRET : 818 629 966 00024<\/p>\t\t\t\t\t<\/div>\n\t\t\t\t\t\t<\/div>\n\t\t\t\t<\/div>\n\t\t\t\t\t\t<\/div>\n\t\t\t\t\t<\/div>\n\t\t<\/div>\n\t\t\t\t\t\t\t\t<\/div>\n\t\t\t\t\t<\/div>\n\t\t<\/section>\n\t\t\t\t\t\t\t\t\t<\/div>\n\t\t\t<\/div>\n\t\t\t\t\t<\/div>\n\t\t","protected":false},"excerpt":{"rendered":"<p>Je suis Psychologue Clinicienne depuis 2012 et j\u2019exerce depuis \u00e0 la Clinique du Parc Monceau de Lille. Depuis 2016, je me suis lanc\u00e9e dans l\u2019animation d\u2019un groupe th\u00e9rapeutique d\u2019improvisation th\u00e9\u00e2trale et dans le suivi individuel \u00e0 domicile, et ce, en &hellip; <a href=\"https:\/\/www.psy-metropole.delille.fr\/index.php\/caroline-delille\/\">Continuer la lecture <span class=\"meta-nav\">&rarr;<\/span><\/a><\/p>\n","protected":false},"author":1,"featured_media":0,"parent":0,"menu_order":0,"comment_status":"closed","ping_status":"closed","template":"","meta":[],"_links":{"self":[{"href":"https:\/\/www.psy-metropole.delille.fr\/index.php\/wp-json\/wp\/v2\/pages\/136"}],"collection":[{"href":"https:\/\/www.psy-metropole.delille.fr\/index.php\/wp-json\/wp\/v2\/pages"}],"about":[{"href":"https:\/\/www.psy-metropole.delille.fr\/index.php\/wp-json\/wp\/v2\/types\/page"}],"author":[{"embeddable":true,"href":"https:\/\/www.psy-metropole.delille.fr\/index.php\/wp-json\/wp\/v2\/users\/1"}],"replies":[{"embeddable":true,"href":"https:\/\/www.psy-metropole.delille.fr\/index.php\/wp-json\/wp\/v2\/comments?post=136"}],"version-history":[{"count":5,"href":"https:\/\/www.psy-metropole.delille.fr\/index.php\/wp-json\/wp\/v2\/pages\/136\/revisions"}],"predecessor-version":[{"id":213,"href":"https:\/\/www.psy-metropole.delille.fr\/index.php\/wp-json\/wp\/v2\/pages\/136\/revisions\/213"}],"wp:attachment":[{"href":"https:\/\/www.psy-metropole.delille.fr\/index.php\/wp-json\/wp\/v2\/media?parent=136"}],"curies":[{"name":"wp","href":"https:\/\/api.w.org\/{rel}","templated":true}]}}