{"id":13,"date":"2017-10-14T19:48:10","date_gmt":"2017-10-14T17:48:10","guid":{"rendered":"http:\/\/www.psy-metropole.delille.fr\/prod\/?page_id=13"},"modified":"2018-01-20T18:32:49","modified_gmt":"2018-01-20T17:32:49","slug":"accueil","status":"publish","type":"page","link":"https:\/\/www.psy-metropole.delille.fr\/","title":{"rendered":"Accueil"},"content":{"rendered":"\t\t<div data-elementor-type=\"wp-page\" data-elementor-id=\"13\" class=\"elementor elementor-13 elementor-bc-flex-widget\">\n\t\t\t\t\t\t<div class=\"elementor-inner\">\n\t\t\t\t<div class=\"elementor-section-wrap\">\n\t\t\t\t\t\t\t\t\t<section class=\"elementor-section elementor-top-section elementor-element elementor-element-98313b1 elementor-section-boxed elementor-section-height-default elementor-section-height-default\" data-id=\"98313b1\" data-element_type=\"section\">\n\t\t\t\t\t\t<div class=\"elementor-container elementor-column-gap-default\">\n\t\t\t\t\t\t\t<div class=\"elementor-row\">\n\t\t\t\t\t<div class=\"elementor-column elementor-col-100 elementor-top-column elementor-element elementor-element-5e44bbf8\" data-id=\"5e44bbf8\" data-element_type=\"column\">\n\t\t\t<div class=\"elementor-column-wrap elementor-element-populated\">\n\t\t\t\t\t\t\t<div class=\"elementor-widget-wrap\">\n\t\t\t\t\t\t<div class=\"elementor-element elementor-element-5dd57706 elementor-widget elementor-widget-text-editor\" data-id=\"5dd57706\" data-element_type=\"widget\" data-widget_type=\"text-editor.default\">\n\t\t\t\t<div class=\"elementor-widget-container\">\n\t\t\t\t\t\t\t\t<div class=\"elementor-text-editor elementor-clearfix\">\n\t\t\t\t<p style=\"text-align: justify;\"><span style=\"color: #000000;\">Nous sommes trois psychologues cliniciennes de Lille et sa m\u00e9tropole. Nous proposons des prises en charge individuelles et de groupe, dans une perspective \u00e9motionnelle, cognitive et comportementale, aupr\u00e8s d\u2019adultes et d\u2019adolescents.<\/span><\/p><p style=\"text-align: justify;\"><span style=\"color: #000000;\">Notre fa\u00e7on de travailler tient sa particularit\u00e9 dans le fait que nous consultions en cabinet, mais aussi \u00e0 domicile. En effet, dans le but de mettre la personne \u00e0 l\u2019aise, de mieux pouvoir appr\u00e9hender les difficult\u00e9s qui s\u2019expriment notamment chez soi, et \u00e9galement de pouvoir accompagner des personnes ayant des difficult\u00e9s \u00e0 se rendre en cabinet, nous venons \u00e0 domicile pour le suivi individuel. Cependant, ayant \u00e0 c\u0153ur de nous adapter, si les rendez-vous \u00e0 domicile ne sont pas r\u00e9alisables, nous pouvons aussi nous rendre dans un lieu appropri\u00e9 choisi ensemble (par exemple le lieu de travail, un lieu public, ou un cabinet lou\u00e9 si besoin).<\/span><\/p><p style=\"text-align: justify;\"><span style=\"color: #000000;\">Nous participons r\u00e9guli\u00e8rement \u00e0 des formations, conf\u00e9rences, journ\u00e9es d\u2019\u00e9tude (Pleine conscience, Hypnose M\u00e9dicale, Th\u00e9rapie ACT\u2026) afin de proposer des prises en charge de qualit\u00e9 et de pouvoir s\u2019adapter au mieux \u00e0 vos difficult\u00e9s et \u00e0 vos besoins.<\/span><\/p><p style=\"text-align: justify;\"><span style=\"color: #000000;\">Nous travaillons dans le respect de l\u2019autre et du secret professionnel, avec bienveillance et empathie. Bien que notre approche th\u00e9rapeutique soit similaire, nous avons des sp\u00e9cialit\u00e9s diff\u00e9rentes. Pour cela, quelle que soit la psychologue que vous contactez en premier, nous vous proposerons toujours un suivi avec celle de nous trois qui semblera disposer des meilleurs outils pour vous accompagner au mieux.<\/span><\/p><p style=\"text-align: justify;\"><span style=\"color: #000000;\">De la m\u00eame fa\u00e7on, par d\u00e9ontologie, nous pourrons \u00e9ventuellement vous orienter vers d\u2019autres professionnels m\u00e9dicaux ou param\u00e9dicaux, si cela nous semble pertinent.<\/span><\/p>\t\t\t\t\t<\/div>\n\t\t\t\t\t\t<\/div>\n\t\t\t\t<\/div>\n\t\t\t\t\t\t<\/div>\n\t\t\t\t\t<\/div>\n\t\t<\/div>\n\t\t\t\t\t\t\t\t<\/div>\n\t\t\t\t\t<\/div>\n\t\t<\/section>\n\t\t\t\t\t\t\t\t\t<\/div>\n\t\t\t<\/div>\n\t\t\t\t\t<\/div>\n\t\t","protected":false},"excerpt":{"rendered":"<p>Nous sommes trois psychologues cliniciennes de Lille et sa m\u00e9tropole. Nous proposons des prises en charge individuelles et de groupe, dans une perspective \u00e9motionnelle, cognitive et comportementale, aupr\u00e8s d\u2019adultes et d\u2019adolescents. Notre fa\u00e7on de travailler tient sa particularit\u00e9 dans le &hellip; <a href=\"https:\/\/www.psy-metropole.delille.fr\/\">Continuer la lecture <span class=\"meta-nav\">&rarr;<\/span><\/a><\/p>\n","protected":false},"author":1,"featured_media":0,"parent":0,"menu_order":0,"comment_status":"closed","ping_status":"closed","template":"","meta":[],"_links":{"self":[{"href":"https:\/\/www.psy-metropole.delille.fr\/index.php\/wp-json\/wp\/v2\/pages\/13"}],"collection":[{"href":"https:\/\/www.psy-metropole.delille.fr\/index.php\/wp-json\/wp\/v2\/pages"}],"about":[{"href":"https:\/\/www.psy-metropole.delille.fr\/index.php\/wp-json\/wp\/v2\/types\/page"}],"author":[{"embeddable":true,"href":"https:\/\/www.psy-metropole.delille.fr\/index.php\/wp-json\/wp\/v2\/users\/1"}],"replies":[{"embeddable":true,"href":"https:\/\/www.psy-metropole.delille.fr\/index.php\/wp-json\/wp\/v2\/comments?post=13"}],"version-history":[{"count":11,"href":"https:\/\/www.psy-metropole.delille.fr\/index.php\/wp-json\/wp\/v2\/pages\/13\/revisions"}],"predecessor-version":[{"id":125,"href":"https:\/\/www.psy-metropole.delille.fr\/index.php\/wp-json\/wp\/v2\/pages\/13\/revisions\/125"}],"wp:attachment":[{"href":"https:\/\/www.psy-metropole.delille.fr\/index.php\/wp-json\/wp\/v2\/media?parent=13"}],"curies":[{"name":"wp","href":"https:\/\/api.w.org\/{rel}","templated":true}]}}