{"id":127,"date":"2018-01-20T18:39:12","date_gmt":"2018-01-20T17:39:12","guid":{"rendered":"http:\/\/www.psy-metropole.delille.fr\/prod\/?page_id=127"},"modified":"2022-11-18T22:28:24","modified_gmt":"2022-11-18T21:28:24","slug":"fanny-baudry","status":"publish","type":"page","link":"https:\/\/www.psy-metropole.delille.fr\/index.php\/fanny-baudry\/","title":{"rendered":"Fanny BAUDRY"},"content":{"rendered":"\t\t<div data-elementor-type=\"wp-page\" data-elementor-id=\"127\" class=\"elementor elementor-127\">\n\t\t\t\t\t\t<div class=\"elementor-inner\">\n\t\t\t\t<div class=\"elementor-section-wrap\">\n\t\t\t\t\t\t\t\t\t<section class=\"elementor-section elementor-top-section elementor-element elementor-element-5850f53 elementor-section-boxed elementor-section-height-default elementor-section-height-default\" data-id=\"5850f53\" data-element_type=\"section\">\n\t\t\t\t\t\t<div class=\"elementor-container elementor-column-gap-default\">\n\t\t\t\t\t\t\t<div class=\"elementor-row\">\n\t\t\t\t\t<div class=\"elementor-column elementor-col-33 elementor-top-column elementor-element elementor-element-ce59504\" data-id=\"ce59504\" data-element_type=\"column\">\n\t\t\t<div class=\"elementor-column-wrap elementor-element-populated\">\n\t\t\t\t\t\t\t<div class=\"elementor-widget-wrap\">\n\t\t\t\t\t\t<div class=\"elementor-element elementor-element-b0893e8 elementor-widget elementor-widget-image\" data-id=\"b0893e8\" data-element_type=\"widget\" data-widget_type=\"image.default\">\n\t\t\t\t<div class=\"elementor-widget-container\">\n\t\t\t\t\t\t\t\t<div class=\"elementor-image\">\n\t\t\t\t\t\t\t\t\t\t\t\t<img decoding=\"async\" width=\"584\" height=\"773\" src=\"https:\/\/www.psy-metropole.delille.fr\/wp-content\/uploads\/2018\/03\/Photo-Fanny-774x1024.jpg\" class=\"attachment-large size-large\" alt=\"\" loading=\"lazy\" srcset=\"https:\/\/www.psy-metropole.delille.fr\/wp-content\/uploads\/2018\/03\/Photo-Fanny-774x1024.jpg 774w, https:\/\/www.psy-metropole.delille.fr\/wp-content\/uploads\/2018\/03\/Photo-Fanny-227x300.jpg 227w, https:\/\/www.psy-metropole.delille.fr\/wp-content\/uploads\/2018\/03\/Photo-Fanny-768x1016.jpg 768w, https:\/\/www.psy-metropole.delille.fr\/wp-content\/uploads\/2018\/03\/Photo-Fanny.jpg 968w\" sizes=\"(max-width: 584px) 100vw, 584px\" \/>\t\t\t\t\t\t\t\t\t\t\t\t\t\t<\/div>\n\t\t\t\t\t\t<\/div>\n\t\t\t\t<\/div>\n\t\t\t\t\t\t<\/div>\n\t\t\t\t\t<\/div>\n\t\t<\/div>\n\t\t\t\t<div class=\"elementor-column elementor-col-66 elementor-top-column elementor-element elementor-element-c6630b7\" data-id=\"c6630b7\" data-element_type=\"column\">\n\t\t\t<div class=\"elementor-column-wrap elementor-element-populated\">\n\t\t\t\t\t\t\t<div class=\"elementor-widget-wrap\">\n\t\t\t\t\t\t<div class=\"elementor-element elementor-element-4d8a5de elementor-widget elementor-widget-text-editor\" data-id=\"4d8a5de\" data-element_type=\"widget\" data-widget_type=\"text-editor.default\">\n\t\t\t\t<div class=\"elementor-widget-container\">\n\t\t\t\t\t\t\t\t<div class=\"elementor-text-editor elementor-clearfix\">\n\t\t\t\t<p style=\"text-align: justify;\"><span style=\"color: #000000;\">Je suis dipl\u00f4m\u00e9e de l\u2019Universit\u00e9 Charles de Gaulle Lille III, titulaire d\u2019un Master 2 Psychologie Clinique et Psychopathologie et inscrite aupr\u00e8s de l&rsquo;Agence R\u00e9gionale de Sant\u00e9 en tant que psychologue clinicienne.<\/span><\/p><p style=\"text-align: justify;\"><span style=\"color: #000000;\">Ma formation initiale m\u2019a permis de d\u00e9velopper une approche int\u00e9grative en y incluant les th\u00e9rapies \u00e9motionnelles, cognitives et comportementales. J\u2019exerce depuis 2006 en psychiatrie adulte au sein de la Clinique de La Maison Fleurie &#8211; site Parc Monceau \u00e0 Lille.<\/span><\/p><p style=\"text-align: justify;\"><span style=\"color: #000000;\">Je propose \u00e9galement des consultations en lib\u00e9ral, en cabinet et \u00e0 domicile, pour un soutien ponctuel ou un travail th\u00e9rapeutique plus approfondi, aupr\u00e8s d\u2019adolescents et d\u2019adultes. J\u2019ai \u00e9galement \u00e9t\u00e9 form\u00e9e \u00e0 la Langue des Signes Fran\u00e7aise (LSF).<\/span><\/p><p style=\"text-align: justify;\"><span style=\"color: #000000;\">Pour prendre rendez-vous au cabinet : https:\/\/www.doctolib.fr\/psychologue\/marquette-lez-lille\/fanny-baudry-marquette-lez-lille<br \/><\/span><\/p>\t\t\t\t\t<\/div>\n\t\t\t\t\t\t<\/div>\n\t\t\t\t<\/div>\n\t\t\t\t\t\t<\/div>\n\t\t\t\t\t<\/div>\n\t\t<\/div>\n\t\t\t\t\t\t\t\t<\/div>\n\t\t\t\t\t<\/div>\n\t\t<\/section>\n\t\t\t\t<section class=\"elementor-section elementor-top-section elementor-element elementor-element-b587db3 elementor-section-boxed elementor-section-height-default elementor-section-height-default\" data-id=\"b587db3\" data-element_type=\"section\">\n\t\t\t\t\t\t<div class=\"elementor-container elementor-column-gap-default\">\n\t\t\t\t\t\t\t<div class=\"elementor-row\">\n\t\t\t\t\t<div class=\"elementor-column elementor-col-100 elementor-top-column elementor-element elementor-element-5f09ea6\" data-id=\"5f09ea6\" data-element_type=\"column\">\n\t\t\t<div class=\"elementor-column-wrap elementor-element-populated\">\n\t\t\t\t\t\t\t<div class=\"elementor-widget-wrap\">\n\t\t\t\t\t\t<div class=\"elementor-element elementor-element-2a7fa51 elementor-widget elementor-widget-text-editor\" data-id=\"2a7fa51\" data-element_type=\"widget\" data-widget_type=\"text-editor.default\">\n\t\t\t\t<div class=\"elementor-widget-container\">\n\t\t\t\t\t\t\t\t<div class=\"elementor-text-editor elementor-clearfix\">\n\t\t\t\t<p style=\"text-align: center;\">T\u00e9l : 06 60 10 20 02\u00a0<br \/>Mail : fannybaudrypsy@gmail.com<br \/>n\u00b0 ADELI : 59 93 0961 4<br \/>n\u00b0 SIRET : 829 406 479 00016<\/p>\t\t\t\t\t<\/div>\n\t\t\t\t\t\t<\/div>\n\t\t\t\t<\/div>\n\t\t\t\t\t\t<\/div>\n\t\t\t\t\t<\/div>\n\t\t<\/div>\n\t\t\t\t\t\t\t\t<\/div>\n\t\t\t\t\t<\/div>\n\t\t<\/section>\n\t\t\t\t\t\t\t\t\t<\/div>\n\t\t\t<\/div>\n\t\t\t\t\t<\/div>\n\t\t","protected":false},"excerpt":{"rendered":"<p>Je suis dipl\u00f4m\u00e9e de l\u2019Universit\u00e9 Charles de Gaulle Lille III, titulaire d\u2019un Master 2 Psychologie Clinique et Psychopathologie et inscrite aupr\u00e8s de l&rsquo;Agence R\u00e9gionale de Sant\u00e9 en tant que psychologue clinicienne. Ma formation initiale m\u2019a permis de d\u00e9velopper une approche &hellip; <a href=\"https:\/\/www.psy-metropole.delille.fr\/index.php\/fanny-baudry\/\">Continuer la lecture <span class=\"meta-nav\">&rarr;<\/span><\/a><\/p>\n","protected":false},"author":1,"featured_media":0,"parent":0,"menu_order":0,"comment_status":"closed","ping_status":"closed","template":"","meta":[],"_links":{"self":[{"href":"https:\/\/www.psy-metropole.delille.fr\/index.php\/wp-json\/wp\/v2\/pages\/127"}],"collection":[{"href":"https:\/\/www.psy-metropole.delille.fr\/index.php\/wp-json\/wp\/v2\/pages"}],"about":[{"href":"https:\/\/www.psy-metropole.delille.fr\/index.php\/wp-json\/wp\/v2\/types\/page"}],"author":[{"embeddable":true,"href":"https:\/\/www.psy-metropole.delille.fr\/index.php\/wp-json\/wp\/v2\/users\/1"}],"replies":[{"embeddable":true,"href":"https:\/\/www.psy-metropole.delille.fr\/index.php\/wp-json\/wp\/v2\/comments?post=127"}],"version-history":[{"count":7,"href":"https:\/\/www.psy-metropole.delille.fr\/index.php\/wp-json\/wp\/v2\/pages\/127\/revisions"}],"predecessor-version":[{"id":219,"href":"https:\/\/www.psy-metropole.delille.fr\/index.php\/wp-json\/wp\/v2\/pages\/127\/revisions\/219"}],"wp:attachment":[{"href":"https:\/\/www.psy-metropole.delille.fr\/index.php\/wp-json\/wp\/v2\/media?parent=127"}],"curies":[{"name":"wp","href":"https:\/\/api.w.org\/{rel}","templated":true}]}}